{"id":15446,"date":"2026-01-15T14:51:37","date_gmt":"2026-01-15T13:51:37","guid":{"rendered":"https:\/\/www.snt-toolbox.org\/?page_id=15446"},"modified":"2026-02-24T15:05:25","modified_gmt":"2026-02-24T14:05:25","slug":"explorateur-snt","status":"publish","type":"page","link":"https:\/\/www.snt-toolbox.org\/fr\/explorateur-snt\/","title":{"rendered":"Explorateur SNT"},"content":{"rendered":"    <div class=\"hero-section yellow big-container py-[140px] md:py-[80px] bg-cover bg-center  bg-dark text-white  [&#038;_.sub-title-home]:opacity-80 [&#038;_.sub-title-home]:text-[32px] md:[&#038;_.sub-title-home]:text-[20px] lazyload\"\n         style=\"background-image:inherit\" data-bg-image=\"url(&#039;https:\/\/www.snt-toolbox.org\/wp-content\/uploads\/2025\/07\/Hero-Section-1.jpg&#039;)\">\n        <div class=\"container !max-w-[1328px]\">\n            \n\n<h1 class=\" wp-block-heading has-text-align-center eplus-wrapper\">Explorateur SNT<\/h1>\n\n\n\n<p class=\"sub-title-home has-text-align-center eplus-wrapper\">Aide interactive \u00e0 la d\u00e9cision pour les programmes de lutte contre le paludisme<\/p>\n\n\n        <\/div>\n    <\/div>\n    \n\n    <div class=\"wrapper-container-block overflow-hidden py-[90px] md:!py-[64px] bg-color-gray \"\n         id=\"block_b9bf2e678d2dbb051a13a310972088f4\"\n         style=\"  \">\n        <div class=\"container\">\n            \n<h5 class=\" wp-block-heading has-text-align-center eplus-wrapper eplus-styles-uid-8071a9\">Qu\u2019est-ce que l\u2019Explorateur SNT ?<\/h5>\n\n<p class=\" eplus-wrapper eplus-styles-uid-fe641a\">L\u2019Explorateur SNT est une application d\u00e9di\u00e9e d\u2019aide \u00e0 la d\u00e9cision, multi-utilisateurs, qui permet aux programmes de lutte contre le paludisme de traduire des r\u00e9sultats analytiques en plans infranationaux concrets et chiffr\u00e9s. Il offre un environnement collaboratif dans lequel les \u00e9quipes de programme et les groupes de travail techniques peuvent explorer les donn\u00e9es et affiner progressivement les plans d\u2019intervention de mani\u00e8re transparente et structur\u00e9e.<\/p>\n\n        <\/div>\n    <\/div>\n    \n\n    <div class=\"wrapper-container-block overflow-hidden py-[90px] md:!py-[64px] bg-color-white \"\n         id=\"block_9f1b04e5245221e3a9aa7225b821877b\"\n         style=\"  \">\n        <div class=\"container\">\n            \n<h5 class=\" wp-block-heading has-text-align-center eplus-wrapper eplus-styles-uid-8071a9\">Ce que permet l\u2019Explorateur SNT<\/h5>\n\n<p class=\" eplus-wrapper eplus-styles-uid-9fa219\">L\u2019Explorateur SNT fait le lien entre l\u2019analyse et l\u2019action \u2014 en transformant des r\u00e9sultats analytiques standardis\u00e9s en d\u00e9cisions de planification pratiques, transparentes et collaboratives. L\u2019Explorateur SNT est d\u00e9velopp\u00e9 en collaboration avec des partenaires techniques, notamment <a href=\"https:\/\/www.idmod.org\/\" target=\"_blank\" rel=\"noreferrer noopener\">IDM<\/a>, <a href=\"https:\/\/www.path.org\/\" target=\"_blank\" rel=\"noreferrer noopener\">PATH<\/a> et <a href=\"https:\/\/www.swisstph.ch\/en\/\" target=\"_blank\" rel=\"noreferrer noopener\">SwissTPH<\/a>, afin de garantir l\u2019alignement avec les meilleures pratiques en mati\u00e8re de mod\u00e9lisation \u00e9pid\u00e9miologique, de chiffrage des co\u00fbts et de planification des programmes.<\/p>\n\n<p class=\" eplus-wrapper eplus-styles-uid-fe641a\">Au sein de l\u2019Explorateur SNT, les utilisateurs peuvent :<\/p>\n\n<ul class=\" wp-block-list eplus-wrapper eplus-styles-uid-149e63\"><li class=\" eplus-wrapper eplus-styles-uid-fe641a\"><strong>Visualiser des couches de donn\u00e9es infranationales<\/strong>. Explorer les indicateurs \u00e9pid\u00e9miologiques, les r\u00e9sultats de stratification et les covariables contextuelles, t\u00e9l\u00e9charg\u00e9s manuellement ou g\u00e9n\u00e9r\u00e9s directement via la biblioth\u00e8que SNT Pipeline.<\/li>\n\n<li class=\" eplus-wrapper eplus-styles-uid-fe641a\"><strong>Collaborer dans un espace de travail partag\u00e9<\/strong>. Permettre l\u2019acc\u00e8s multi-utilisateurs aux \u00e9quipes des programmes nationaux de lutte contre le paludisme (PNLP) et aux groupes de travail techniques, favorisant \u00e0 la fois l\u2019exploration individuelle et l\u2019examen collectif des donn\u00e9es probantes.<\/li>\n\n<li class=\" eplus-wrapper eplus-styles-uid-fe641a\"><strong>D\u00e9finir les param\u00e8tres et les co\u00fbts des interventions<\/strong>. Configurer les co\u00fbts unitaires des interventions via une interface de param\u00e8tres d\u00e9di\u00e9e, avec la possibilit\u00e9 de distinguer les composantes d\u2019approvisionnement, de distribution et d\u2019exploitation.<\/li>\n\n<li class=\" eplus-wrapper eplus-styles-uid-fe641a\"><strong>\u00c9laborer et budg\u00e9tiser des plans infranationaux<\/strong>. Combiner les r\u00e9sultats de stratification et les choix d\u2019interventions pour construire des plans infranationaux et g\u00e9n\u00e9rer les estimations budg\u00e9taires correspondantes.<\/li>\n\n<li class=\" eplus-wrapper eplus-styles-uid-fe641a\"><strong>Comparer et optimiser des sc\u00e9narios (en cours de d\u00e9veloppement)<\/strong>. Des fonctionnalit\u00e9s \u00e0 venir permettront de comparer diff\u00e9rents sc\u00e9narios d\u2019intervention, afin d\u2019\u00e9clairer les arbitrages entre co\u00fbts, couverture et impact attendu.<\/li><\/ul>\n\n        <\/div>\n    <\/div>\n    \n\n    <div class=\"wrapper-container-block overflow-hidden py-[90px] md:!py-[64px] bg-color-gray \"\n         id=\"block_f679cd610d8884f05df3f9a1b27868e2\"\n         style=\" padding-top: 60px; padding-bottom: 60px; \">\n        <div class=\"container\">\n            \n<h5 class=\" wp-block-heading has-text-align-center eplus-wrapper eplus-styles-uid-8071a9\" id=\"demonstration\">d\u00e9mo de l\u2019Explorateur SNT<\/h5>\n\n<p class=\" eplus-wrapper eplus-styles-uid-fe641a\">D\u00e9couvrez notre application de d\u00e9monstration de l\u2019Explorateur SNT :<\/p>\n\n<div class=\"wp-block-buttons eplus-wrapper is-content-justification-center is-layout-flex wp-container-core-buttons-is-layout-16018d1d wp-block-buttons-is-layout-flex eplus-styles-uid-1ec3eb\"><div class=\" ep-custom-buttons-icon wp-block-button eplus-wrapper eplus-styles-uid-edc832\"><a class=\"wp-block-button__link has-background wp-element-button\" href=\"https:\/\/demo.snt-toolbox.org\" style=\"background-color:#7990ff\" target=\"_blank\" rel=\"noreferrer noopener\">D\u00e9mo SNT Explorer<\/a><\/div><\/div>\n\n<p class=\" eplus-wrapper eplus-styles-uid-fe641a\">Cet environnement de d\u00e9monstration contient des donn\u00e9es publiques du Burkina Faso. Il vous permet d\u2019explorer les donn\u00e9es dans un environnement s\u00e9curis\u00e9 et de vous familiariser avec l\u2019outil Explorateur SNT.<\/p>\n\n<p class=\" eplus-wrapper eplus-styles-uid-fe641a\"><strong>Identifiants de connexion : <\/strong><\/p>\n\n<p class=\" eplus-wrapper eplus-styles-uid-fe641a\"><strong>Utilisateur : <\/strong><code>demo<\/code><strong><br>Mot de passe : <\/strong><code>demo<\/code><\/p>\n\n<figure class=\" wp-block-video eplus-wrapper eplus-styles-uid-98134e\"><video controls src=\"https:\/\/www.snt-toolbox.org\/wp-content\/uploads\/2026\/01\/CleanShot-2026-01-29-at-14.42.02.mp4\"><\/video><\/figure>\n\n        <\/div>\n    <\/div>\n    ","protected":false},"excerpt":{"rendered":"","protected":false},"author":12,"featured_media":15573,"parent":0,"menu_order":0,"comment_status":"closed","ping_status":"closed","template":"","meta":{"_acf_changed":false,"content-type":"","editor_plus_copied_stylings":"{}","footnotes":""},"class_list":["post-15446","page","type-page","status-publish","has-post-thumbnail","hentry"],"acf":[],"yoast_head":"<!-- This site is optimized with the Yoast SEO plugin v26.2 - https:\/\/yoast.com\/wordpress\/plugins\/seo\/ -->\n<title>Explorateur SNT - Bluesquare<\/title>\n<meta name=\"description\" content=\"Un outil d\u00e9di\u00e9 pour visualiser les donn\u00e9es nationales et concevoir, budg\u00e9tiser et analyser des ensembles d\u2019interventions.\" \/>\n<meta name=\"robots\" content=\"index, follow, max-snippet:-1, max-image-preview:large, max-video-preview:-1\" \/>\n<link rel=\"canonical\" href=\"https:\/\/www.snt-toolbox.org\/fr\/explorateur-snt\/\" \/>\n<meta property=\"og:locale\" content=\"fr_FR\" \/>\n<meta property=\"og:type\" content=\"article\" \/>\n<meta property=\"og:title\" content=\"Explorateur SNT - Bluesquare\" \/>\n<meta property=\"og:description\" content=\"Un outil d\u00e9di\u00e9 pour visualiser les donn\u00e9es nationales et concevoir, budg\u00e9tiser et analyser des ensembles d\u2019interventions.\" \/>\n<meta property=\"og:url\" content=\"https:\/\/www.snt-toolbox.org\/fr\/explorateur-snt\/\" \/>\n<meta property=\"og:site_name\" content=\"Bluesquare\" \/>\n<meta property=\"article:modified_time\" content=\"2026-02-24T14:05:25+00:00\" \/>\n<meta property=\"og:image\" content=\"https:\/\/www.snt-toolbox.org\/wp-content\/uploads\/2026\/01\/Screenshot-2026-01-15-at-11.26.23.png\" \/>\n\t<meta property=\"og:image:width\" content=\"1405\" \/>\n\t<meta property=\"og:image:height\" content=\"932\" \/>\n\t<meta property=\"og:image:type\" content=\"image\/png\" \/>\n<meta name=\"twitter:card\" content=\"summary_large_image\" \/>\n<meta name=\"twitter:site\" content=\"@blsqhub\" \/>\n<meta name=\"twitter:label1\" content=\"Est. reading time\" \/>\n\t<meta name=\"twitter:data1\" content=\"2 minutes\" \/>\n<script type=\"application\/ld+json\" class=\"yoast-schema-graph\">{\"@context\":\"https:\/\/schema.org\",\"@graph\":[{\"@type\":\"WebPage\",\"@id\":\"https:\/\/www.snt-toolbox.org\/fr\/explorateur-snt\/\",\"url\":\"https:\/\/www.snt-toolbox.org\/fr\/explorateur-snt\/\",\"name\":\"Explorateur SNT - Bluesquare\",\"isPartOf\":{\"@id\":\"https:\/\/www.snt-toolbox.org\/fr\/#website\"},\"primaryImageOfPage\":{\"@id\":\"https:\/\/www.snt-toolbox.org\/fr\/explorateur-snt\/#primaryimage\"},\"image\":{\"@id\":\"https:\/\/www.snt-toolbox.org\/fr\/explorateur-snt\/#primaryimage\"},\"thumbnailUrl\":\"https:\/\/www.snt-toolbox.org\/wp-content\/uploads\/2026\/01\/Screenshot-2026-01-15-at-11.26.23.png\",\"datePublished\":\"2026-01-15T13:51:37+00:00\",\"dateModified\":\"2026-02-24T14:05:25+00:00\",\"description\":\"Un outil d\u00e9di\u00e9 pour visualiser les donn\u00e9es nationales et concevoir, budg\u00e9tiser et analyser des ensembles d\u2019interventions.\",\"breadcrumb\":{\"@id\":\"https:\/\/www.snt-toolbox.org\/fr\/explorateur-snt\/#breadcrumb\"},\"inLanguage\":\"fr-FR\",\"potentialAction\":[{\"@type\":\"ReadAction\",\"target\":[\"https:\/\/www.snt-toolbox.org\/fr\/explorateur-snt\/\"]}]},{\"@type\":\"ImageObject\",\"inLanguage\":\"fr-FR\",\"@id\":\"https:\/\/www.snt-toolbox.org\/fr\/explorateur-snt\/#primaryimage\",\"url\":\"https:\/\/www.snt-toolbox.org\/wp-content\/uploads\/2026\/01\/Screenshot-2026-01-15-at-11.26.23.png\",\"contentUrl\":\"https:\/\/www.snt-toolbox.org\/wp-content\/uploads\/2026\/01\/Screenshot-2026-01-15-at-11.26.23.png\",\"width\":1405,\"height\":932,\"caption\":\"SNT Explorer Demo\"},{\"@type\":\"BreadcrumbList\",\"@id\":\"https:\/\/www.snt-toolbox.org\/fr\/explorateur-snt\/#breadcrumb\",\"itemListElement\":[{\"@type\":\"ListItem\",\"position\":1,\"name\":\"Home\",\"item\":\"https:\/\/www.snt-toolbox.org\/fr\/\"},{\"@type\":\"ListItem\",\"position\":2,\"name\":\"Explorateur SNT\"}]},{\"@type\":\"WebSite\",\"@id\":\"https:\/\/www.snt-toolbox.org\/fr\/#website\",\"url\":\"https:\/\/www.snt-toolbox.org\/fr\/\",\"name\":\"SNT Toolbox - Bluesquare\",\"description\":\"A country-owned digital toolbox for optimizing intervention allocation: enabling precision planning toward malaria elimination.\",\"publisher\":{\"@id\":\"https:\/\/www.snt-toolbox.org\/fr\/#organization\"},\"alternateName\":\"SNT Toolbox\",\"potentialAction\":[{\"@type\":\"SearchAction\",\"target\":{\"@type\":\"EntryPoint\",\"urlTemplate\":\"https:\/\/www.snt-toolbox.org\/fr\/?s={search_term_string}\"},\"query-input\":{\"@type\":\"PropertyValueSpecification\",\"valueRequired\":true,\"valueName\":\"search_term_string\"}}],\"inLanguage\":\"fr-FR\"},{\"@type\":\"Organization\",\"@id\":\"https:\/\/www.snt-toolbox.org\/fr\/#organization\",\"name\":\"Bluesquare\",\"url\":\"https:\/\/www.snt-toolbox.org\/fr\/\",\"logo\":{\"@type\":\"ImageObject\",\"inLanguage\":\"fr-FR\",\"@id\":\"https:\/\/www.snt-toolbox.org\/fr\/#\/schema\/logo\/image\/\",\"url\":\"https:\/\/www.snt-toolbox.org\/wp-content\/uploads\/2025\/10\/Logo-Banner.png\",\"contentUrl\":\"https:\/\/www.snt-toolbox.org\/wp-content\/uploads\/2025\/10\/Logo-Banner.png\",\"width\":2400,\"height\":1260,\"caption\":\"Bluesquare\"},\"image\":{\"@id\":\"https:\/\/www.snt-toolbox.org\/fr\/#\/schema\/logo\/image\/\"},\"sameAs\":[\"https:\/\/x.com\/blsqhub\",\"https:\/\/www.linkedin.com\/company\/bluesquarehub\",\"https:\/\/www.youtube.com\/channel\/UC33QxHTlZzQyXUJnXtWeyBw\/\"]}]}<\/script>\n<!-- \/ Yoast SEO plugin. -->","yoast_head_json":{"title":"Explorateur SNT - Bluesquare","description":"Un outil d\u00e9di\u00e9 pour visualiser les donn\u00e9es nationales et concevoir, budg\u00e9tiser et analyser des ensembles d\u2019interventions.","robots":{"index":"index","follow":"follow","max-snippet":"max-snippet:-1","max-image-preview":"max-image-preview:large","max-video-preview":"max-video-preview:-1"},"canonical":"https:\/\/www.snt-toolbox.org\/fr\/explorateur-snt\/","og_locale":"fr_FR","og_type":"article","og_title":"Explorateur SNT - Bluesquare","og_description":"Un outil d\u00e9di\u00e9 pour visualiser les donn\u00e9es nationales et concevoir, budg\u00e9tiser et analyser des ensembles d\u2019interventions.","og_url":"https:\/\/www.snt-toolbox.org\/fr\/explorateur-snt\/","og_site_name":"Bluesquare","article_modified_time":"2026-02-24T14:05:25+00:00","og_image":[{"width":1405,"height":932,"url":"https:\/\/www.snt-toolbox.org\/wp-content\/uploads\/2026\/01\/Screenshot-2026-01-15-at-11.26.23.png","type":"image\/png"}],"twitter_card":"summary_large_image","twitter_site":"@blsqhub","twitter_misc":{"Est. reading time":"2 minutes"},"schema":{"@context":"https:\/\/schema.org","@graph":[{"@type":"WebPage","@id":"https:\/\/www.snt-toolbox.org\/fr\/explorateur-snt\/","url":"https:\/\/www.snt-toolbox.org\/fr\/explorateur-snt\/","name":"Explorateur SNT - Bluesquare","isPartOf":{"@id":"https:\/\/www.snt-toolbox.org\/fr\/#website"},"primaryImageOfPage":{"@id":"https:\/\/www.snt-toolbox.org\/fr\/explorateur-snt\/#primaryimage"},"image":{"@id":"https:\/\/www.snt-toolbox.org\/fr\/explorateur-snt\/#primaryimage"},"thumbnailUrl":"https:\/\/www.snt-toolbox.org\/wp-content\/uploads\/2026\/01\/Screenshot-2026-01-15-at-11.26.23.png","datePublished":"2026-01-15T13:51:37+00:00","dateModified":"2026-02-24T14:05:25+00:00","description":"Un outil d\u00e9di\u00e9 pour visualiser les donn\u00e9es nationales et concevoir, budg\u00e9tiser et analyser des ensembles d\u2019interventions.","breadcrumb":{"@id":"https:\/\/www.snt-toolbox.org\/fr\/explorateur-snt\/#breadcrumb"},"inLanguage":"fr-FR","potentialAction":[{"@type":"ReadAction","target":["https:\/\/www.snt-toolbox.org\/fr\/explorateur-snt\/"]}]},{"@type":"ImageObject","inLanguage":"fr-FR","@id":"https:\/\/www.snt-toolbox.org\/fr\/explorateur-snt\/#primaryimage","url":"https:\/\/www.snt-toolbox.org\/wp-content\/uploads\/2026\/01\/Screenshot-2026-01-15-at-11.26.23.png","contentUrl":"https:\/\/www.snt-toolbox.org\/wp-content\/uploads\/2026\/01\/Screenshot-2026-01-15-at-11.26.23.png","width":1405,"height":932,"caption":"SNT Explorer Demo"},{"@type":"BreadcrumbList","@id":"https:\/\/www.snt-toolbox.org\/fr\/explorateur-snt\/#breadcrumb","itemListElement":[{"@type":"ListItem","position":1,"name":"Home","item":"https:\/\/www.snt-toolbox.org\/fr\/"},{"@type":"ListItem","position":2,"name":"Explorateur SNT"}]},{"@type":"WebSite","@id":"https:\/\/www.snt-toolbox.org\/fr\/#website","url":"https:\/\/www.snt-toolbox.org\/fr\/","name":"SNT Toolbox - Bluesquare","description":"A country-owned digital toolbox for optimizing intervention allocation: enabling precision planning toward malaria elimination.","publisher":{"@id":"https:\/\/www.snt-toolbox.org\/fr\/#organization"},"alternateName":"SNT Toolbox","potentialAction":[{"@type":"SearchAction","target":{"@type":"EntryPoint","urlTemplate":"https:\/\/www.snt-toolbox.org\/fr\/?s={search_term_string}"},"query-input":{"@type":"PropertyValueSpecification","valueRequired":true,"valueName":"search_term_string"}}],"inLanguage":"fr-FR"},{"@type":"Organization","@id":"https:\/\/www.snt-toolbox.org\/fr\/#organization","name":"Bluesquare","url":"https:\/\/www.snt-toolbox.org\/fr\/","logo":{"@type":"ImageObject","inLanguage":"fr-FR","@id":"https:\/\/www.snt-toolbox.org\/fr\/#\/schema\/logo\/image\/","url":"https:\/\/www.snt-toolbox.org\/wp-content\/uploads\/2025\/10\/Logo-Banner.png","contentUrl":"https:\/\/www.snt-toolbox.org\/wp-content\/uploads\/2025\/10\/Logo-Banner.png","width":2400,"height":1260,"caption":"Bluesquare"},"image":{"@id":"https:\/\/www.snt-toolbox.org\/fr\/#\/schema\/logo\/image\/"},"sameAs":["https:\/\/x.com\/blsqhub","https:\/\/www.linkedin.com\/company\/bluesquarehub","https:\/\/www.youtube.com\/channel\/UC33QxHTlZzQyXUJnXtWeyBw\/"]}]}},"_links":{"self":[{"href":"https:\/\/www.snt-toolbox.org\/fr\/wp-json\/wp\/v2\/pages\/15446","targetHints":{"allow":["GET"]}}],"collection":[{"href":"https:\/\/www.snt-toolbox.org\/fr\/wp-json\/wp\/v2\/pages"}],"about":[{"href":"https:\/\/www.snt-toolbox.org\/fr\/wp-json\/wp\/v2\/types\/page"}],"author":[{"embeddable":true,"href":"https:\/\/www.snt-toolbox.org\/fr\/wp-json\/wp\/v2\/users\/12"}],"replies":[{"embeddable":true,"href":"https:\/\/www.snt-toolbox.org\/fr\/wp-json\/wp\/v2\/comments?post=15446"}],"version-history":[{"count":12,"href":"https:\/\/www.snt-toolbox.org\/fr\/wp-json\/wp\/v2\/pages\/15446\/revisions"}],"predecessor-version":[{"id":15590,"href":"https:\/\/www.snt-toolbox.org\/fr\/wp-json\/wp\/v2\/pages\/15446\/revisions\/15590"}],"wp:featuredmedia":[{"embeddable":true,"href":"https:\/\/www.snt-toolbox.org\/fr\/wp-json\/wp\/v2\/media\/15573"}],"wp:attachment":[{"href":"https:\/\/www.snt-toolbox.org\/fr\/wp-json\/wp\/v2\/media?parent=15446"}],"curies":[{"name":"wp","href":"https:\/\/api.w.org\/{rel}","templated":true}]}}